{"id":118,"date":"2024-07-04T10:37:20","date_gmt":"2024-07-04T10:37:20","guid":{"rendered":"https:\/\/clubvoleibolcambrils.com\/?page_id=118"},"modified":"2024-07-04T10:37:28","modified_gmt":"2024-07-04T10:37:28","slug":"about","status":"publish","type":"page","link":"https:\/\/clubvoleibolcambrils.com\/?page_id=118","title":{"rendered":"About"},"content":{"rendered":"\n<div class=\"wp-block-uagb-container uagb-block-7fa683e6 alignfull uagb-is-root-container\"><div class=\"uagb-container-inner-blocks-wrap\">\n<div class=\"wp-block-uagb-advanced-heading uagb-block-74b342eb\"><h1 class=\"uagb-heading-text\">Club Esportiu Cambrils<\/h1><\/div>\n<\/div><\/div>\n\n\n\n<div class=\"wp-block-uagb-container uagb-block-94ded581 alignfull uagb-is-root-container\"><div class=\"uagb-container-inner-blocks-wrap\">\n<div class=\"wp-block-uagb-advanced-heading uagb-block-671f3570\"><h2 class=\"uagb-heading-text\">La nostra hist\u00f2ria<\/h2><\/div>\n\n\n\n<div class=\"wp-block-uagb-container uagb-block-21891d52\">\n<div class=\"wp-block-uagb-container uagb-block-8a4a99e4\">\n<div class=\"wp-block-uagb-image alignleft uagb-block-e71a6b83 wp-block-uagb-image--layout-default wp-block-uagb-image--effect-static wp-block-uagb-image--align-left\"><figure class=\"wp-block-uagb-image__figure\"><img loading=\"lazy\" decoding=\"async\" srcset=\"https:\/\/clubvoleibolcambrils.com\/wp-content\/uploads\/2024\/07\/358538506_209931052031024_29888784846432245_n.jpg ,https:\/\/clubvoleibolcambrils.com\/wp-content\/uploads\/2024\/07\/358538506_209931052031024_29888784846432245_n.jpg 780w\" sizes=\"auto, (max-width: 480px) 150px\" src=\"https:\/\/clubvoleibolcambrils.com\/wp-content\/uploads\/2024\/07\/358538506_209931052031024_29888784846432245_n.jpg\" alt=\"\" class=\"uag-image-15\" width=\"526\" height=\"536\" title=\"\" loading=\"lazy\" role=\"img\"\/><\/figure><\/div>\n<\/div>\n\n\n\n<div class=\"wp-block-uagb-container uagb-block-7e959f87\">\n<div class=\"wp-block-uagb-info-box uagb-block-4960c374 uagb-infobox__content-wrap  uagb-infobox-icon-above-title uagb-infobox-image-valign-top\"><div class=\"uagb-ifb-content\"><div class=\"uagb-ifb-title-wrap\"><h3 class=\"uagb-ifb-title\">Fundat amb la missi\u00f3 de fomentar l&#8217;amor pel voleibol i proporcionar programes per a tots els nivells d&#8217;habilitat, el Club Voleibol Cambrils \u00e9s un referent en l&#8217;esport a la localitat.<\/h3><\/div><p class=\"uagb-ifb-desc\">El Club va n\u00e9ixer de la passi\u00f3 compartida pel voleibol i el desig de crear una comunitat compromesa amb l&#8217;esport i el creixement personal dels jugadors.<br><br>Amb una base de clients variada que inclou des de principiants fins a jugadors avan\u00e7ats, el Club Voleibol Cambrils ha format una comunitat apassionada i dedicada al voleibol.<\/p><\/div><\/div>\n<\/div>\n<\/div>\n<\/div><\/div>\n\n\n\n<div class=\"wp-block-uagb-container uagb-block-cc344175 alignfull uagb-is-root-container\"><div class=\"uagb-container-inner-blocks-wrap\">\n<div class=\"wp-block-uagb-advanced-heading uagb-block-7b2294a3\"><h2 class=\"uagb-heading-text\">Els nostres valors<\/h2><p class=\"uagb-desc-text\">La base de les nostres accions i relacions amb els nostres jugadors<\/p><\/div>\n\n\n\n<div class=\"wp-block-uagb-container uagb-block-ecb8dade\">\n<div class=\"wp-block-uagb-advanced-heading uagb-block-bef7d43a\"><h3 class=\"uagb-heading-text\">Passi\u00f3<\/h3><p class=\"uagb-desc-text\">La passi\u00f3 pel voleibol impulsa cada decisi\u00f3 i acci\u00f3 que prenem per fomentar l&#8217;amor per l&#8217;esport en la nostra comunitat.<\/p><\/div>\n\n\n\n<div class=\"wp-block-uagb-advanced-heading uagb-block-b863782d\"><h3 class=\"uagb-heading-text\">Comprom\u00eds<\/h3><p class=\"uagb-desc-text\">Estem compromesos amb l&#8217;excel\u00b7l\u00e8ncia esportiva i el creixement personal dels nostres jugadors, oferint-los suport en cada etapa del seu desenvolupament.<\/p><\/div>\n\n\n\n<div class=\"wp-block-uagb-advanced-heading uagb-block-9f890ad2\"><h3 class=\"uagb-heading-text\">Comunitat<\/h3><p class=\"uagb-desc-text\">Creiem en la for\u00e7a de la comunitat voleibol\u00edstica, creant un entorn acollidor, inclusiu i inspirador per a tots els qui estimen aquest esport.<\/p><\/div>\n<\/div>\n<\/div><\/div>\n\n\n\n<div class=\"wp-block-uagb-container uagb-block-c84325e4 alignfull uagb-is-root-container\"><div class=\"uagb-container-inner-blocks-wrap\">\n<div class=\"wp-block-uagb-info-box uagb-block-d8a09d88 uagb-infobox__content-wrap  uagb-infobox-icon-above-title uagb-infobox-image-valign-top\"><div class=\"uagb-ifb-content\"><div class=\"uagb-ifb-title-wrap\"><h2 class=\"uagb-ifb-title\">Uneix-te a nosaltres<\/h2><\/div><p class=\"uagb-ifb-desc\">Descobreix com formar part d&#8217;una comunitat apassionada pel voleibol. Contacta&#8217;ns avui mateix.<\/p><div class=\"uagb-ifb-button-wrapper wp-block-button\"><a href=\"https:\/\/docs.google.com\/forms\/d\/e\/1FAIpQLSfMMK7n-NYP-ZM7Gn2srjIyKxtVS7dWPIXnasYScFCa4mDCuw\/viewform\" class=\"uagb-infobox-cta-link wp-block-button__link\" target=\"_blank\" rel=\"noopener noreferrer\" onclick=\"return true;\"><span class=\"uagb-inline-editing\">Unir-se ara<\/span><\/a><\/div><\/div><\/div>\n<\/div><\/div>\n","protected":false},"excerpt":{"rendered":"<p>Club Esportiu Cambrils La nostra hist\u00f2ria Els nostres valors La base de les nostres accions i relacions amb els nostres jugadors Passi\u00f3 La passi\u00f3 pel voleibol impulsa cada decisi\u00f3 i acci\u00f3 que prenem per fomentar l&#8217;amor per l&#8217;esport en la nostra comunitat. Comprom\u00eds Estem compromesos amb l&#8217;excel\u00b7l\u00e8ncia esportiva i el creixement personal dels nostres jugadors, [&hellip;]<\/p>\n","protected":false},"author":1,"featured_media":0,"parent":0,"menu_order":0,"comment_status":"closed","ping_status":"closed","template":"","meta":{"_uag_custom_page_level_css":"","site-sidebar-layout":"default","site-content-layout":"","ast-site-content-layout":"default","site-content-style":"default","site-sidebar-style":"default","ast-global-header-display":"","ast-banner-title-visibility":"","ast-main-header-display":"","ast-hfb-above-header-display":"","ast-hfb-below-header-display":"","ast-hfb-mobile-header-display":"","site-post-title":"disabled","ast-breadcrumbs-content":"","ast-featured-img":"","footer-sml-layout":"","ast-disable-related-posts":"","theme-transparent-header-meta":"enabled","adv-header-id-meta":"","stick-header-meta":"","header-above-stick-meta":"","header-main-stick-meta":"","header-below-stick-meta":"","astra-migrate-meta-layouts":"set","ast-page-background-enabled":"default","ast-page-background-meta":{"desktop":{"background-color":"var(--ast-global-color-4)","background-image":"","background-repeat":"repeat","background-position":"center center","background-size":"auto","background-attachment":"scroll","background-type":"","background-media":"","overlay-type":"","overlay-color":"","overlay-opacity":"","overlay-gradient":""},"tablet":{"background-color":"","background-image":"","background-repeat":"repeat","background-position":"center center","background-size":"auto","background-attachment":"scroll","background-type":"","background-media":"","overlay-type":"","overlay-color":"","overlay-opacity":"","overlay-gradient":""},"mobile":{"background-color":"","background-image":"","background-repeat":"repeat","background-position":"center center","background-size":"auto","background-attachment":"scroll","background-type":"","background-media":"","overlay-type":"","overlay-color":"","overlay-opacity":"","overlay-gradient":""}},"ast-content-background-meta":{"desktop":{"background-color":"var(--ast-global-color-5)","background-image":"","background-repeat":"repeat","background-position":"center center","background-size":"auto","background-attachment":"scroll","background-type":"","background-media":"","overlay-type":"","overlay-color":"","overlay-opacity":"","overlay-gradient":""},"tablet":{"background-color":"var(--ast-global-color-5)","background-image":"","background-repeat":"repeat","background-position":"center center","background-size":"auto","background-attachment":"scroll","background-type":"","background-media":"","overlay-type":"","overlay-color":"","overlay-opacity":"","overlay-gradient":""},"mobile":{"background-color":"var(--ast-global-color-5)","background-image":"","background-repeat":"repeat","background-position":"center center","background-size":"auto","background-attachment":"scroll","background-type":"","background-media":"","overlay-type":"","overlay-color":"","overlay-opacity":"","overlay-gradient":""}},"_joinchat":[],"footnotes":""},"class_list":["post-118","page","type-page","status-publish","hentry"],"uagb_featured_image_src":{"full":false,"thumbnail":false,"medium":false,"medium_large":false,"large":false,"1536x1536":false,"2048x2048":false},"uagb_author_info":{"display_name":"admin","author_link":"https:\/\/clubvoleibolcambrils.com\/?author=1"},"uagb_comment_info":0,"uagb_excerpt":"Club Esportiu Cambrils La nostra hist\u00f2ria Els nostres valors La base de les nostres accions i relacions amb els nostres jugadors Passi\u00f3 La passi\u00f3 pel voleibol impulsa cada decisi\u00f3 i acci\u00f3 que prenem per fomentar l&#8217;amor per l&#8217;esport en la nostra comunitat. Comprom\u00eds Estem compromesos amb l&#8217;excel\u00b7l\u00e8ncia esportiva i el creixement personal dels nostres jugadors,&hellip;","_links":{"self":[{"href":"https:\/\/clubvoleibolcambrils.com\/index.php?rest_route=\/wp\/v2\/pages\/118","targetHints":{"allow":["GET"]}}],"collection":[{"href":"https:\/\/clubvoleibolcambrils.com\/index.php?rest_route=\/wp\/v2\/pages"}],"about":[{"href":"https:\/\/clubvoleibolcambrils.com\/index.php?rest_route=\/wp\/v2\/types\/page"}],"author":[{"embeddable":true,"href":"https:\/\/clubvoleibolcambrils.com\/index.php?rest_route=\/wp\/v2\/users\/1"}],"replies":[{"embeddable":true,"href":"https:\/\/clubvoleibolcambrils.com\/index.php?rest_route=%2Fwp%2Fv2%2Fcomments&post=118"}],"version-history":[{"count":2,"href":"https:\/\/clubvoleibolcambrils.com\/index.php?rest_route=\/wp\/v2\/pages\/118\/revisions"}],"predecessor-version":[{"id":1302,"href":"https:\/\/clubvoleibolcambrils.com\/index.php?rest_route=\/wp\/v2\/pages\/118\/revisions\/1302"}],"wp:attachment":[{"href":"https:\/\/clubvoleibolcambrils.com\/index.php?rest_route=%2Fwp%2Fv2%2Fmedia&parent=118"}],"curies":[{"name":"wp","href":"https:\/\/api.w.org\/{rel}","templated":true}]}}