{"id":1259,"date":"2024-07-04T10:37:20","date_gmt":"2024-07-04T10:37:20","guid":{"rendered":"https:\/\/clubvoleibolcambrils.com\/?page_id=1259"},"modified":"2024-07-25T22:48:12","modified_gmt":"2024-07-25T22:48:12","slug":"home","status":"publish","type":"page","link":"https:\/\/clubvoleibolcambrils.com\/?page_id=1259","title":{"rendered":"Home"},"content":{"rendered":"\n<div class=\"wp-block-uagb-container uagb-block-edf9ad47 alignfull uagb-is-root-container\"><div class=\"uagb-container-inner-blocks-wrap\">\n<div class=\"wp-block-uagb-info-box uagb-block-360d083e uagb-infobox__content-wrap  uagb-infobox-icon-above-title uagb-infobox-image-valign-top\"><div class=\"uagb-ifb-content\"><div class=\"uagb-ifb-title-wrap\"><h1 class=\"uagb-ifb-title\">El teu club de voleibol a Cambrils<\/h1><\/div><p class=\"uagb-ifb-desc\">Descobreix el voleibol al costat del Mediterrani amb nosaltres<\/p><div class=\"uagb-ifb-button-wrapper wp-block-button\"><a href=\"contact\/\" class=\"uagb-infobox-cta-link wp-block-button__link\" target=\"_self\" rel=\"noopener noreferrer\" onclick=\"return true;\"><span class=\"uagb-inline-editing\">Unir-se ara<\/span><\/a><\/div><\/div><\/div>\n<\/div><\/div>\n\n\n\n<div class=\"wp-block-uagb-container uagb-block-cd2fc679 alignfull uagb-is-root-container\"><div class=\"uagb-container-inner-blocks-wrap\">\n<div class=\"wp-block-uagb-info-box uagb-block-3b175fd5 uagb-infobox__content-wrap  uagb-infobox-icon-above-title uagb-infobox-image-valign-top\"><div class=\"uagb-ifb-content\"><div class=\"uagb-ifb-title-wrap\"><h2 class=\"uagb-ifb-title\">Serveis Destacats<\/h2><\/div><p class=\"uagb-ifb-desc\">Descobreix els nostres principals serveis i activitats<\/p><\/div><\/div>\n\n\n\n<div class=\"wp-block-uagb-container uagb-block-93377a07\">\n<div class=\"wp-block-uagb-container uagb-block-fae5d157\">\n<div class=\"wp-block-uagb-image alignleft uagb-block-df4cd6be wp-block-uagb-image--layout-default wp-block-uagb-image--effect-static wp-block-uagb-image--align-left\"><figure class=\"wp-block-uagb-image__figure\"><img loading=\"lazy\" decoding=\"async\" srcset=\"https:\/\/clubvoleibolcambrils.com\/wp-content\/uploads\/2024\/07\/424990112_350944547929673_4011317554578229585_n.jpg ,https:\/\/clubvoleibolcambrils.com\/wp-content\/uploads\/2024\/07\/424990112_350944547929673_4011317554578229585_n.jpg 780w, https:\/\/clubvoleibolcambrils.com\/wp-content\/uploads\/2024\/07\/424990112_350944547929673_4011317554578229585_n.jpg 360w\" sizes=\"auto, (max-width: 480px) 150px\" src=\"https:\/\/clubvoleibolcambrils.com\/wp-content\/uploads\/2024\/07\/424990112_350944547929673_4011317554578229585_n.jpg\" alt=\"\" class=\"uag-image-9\" width=\"373\" height=\"480\" title=\"\" loading=\"lazy\" role=\"img\"\/><\/figure><\/div>\n\n\n\n<div class=\"wp-block-uagb-advanced-heading uagb-block-82da6484\"><h3 class=\"uagb-heading-text\">Entrenaments<\/h3><p class=\"uagb-desc-text\">Sessions d&#8217;entrenament dirigides per professionals experimentats en un entorn motivador i segur.<\/p><\/div>\n<\/div>\n\n\n\n<div class=\"wp-block-uagb-container uagb-block-b4a21a88\">\n<div class=\"wp-block-uagb-image alignleft uagb-block-2400b6c1 wp-block-uagb-image--layout-default wp-block-uagb-image--effect-static wp-block-uagb-image--align-left\"><figure class=\"wp-block-uagb-image__figure\"><img loading=\"lazy\" decoding=\"async\" srcset=\"https:\/\/clubvoleibolcambrils.com\/wp-content\/uploads\/2024\/07\/424649400_346780998346028_3679300924916897550_n.jpg ,https:\/\/clubvoleibolcambrils.com\/wp-content\/uploads\/2024\/07\/424649400_346780998346028_3679300924916897550_n.jpg 780w, https:\/\/clubvoleibolcambrils.com\/wp-content\/uploads\/2024\/07\/424649400_346780998346028_3679300924916897550_n.jpg 360w\" sizes=\"auto, (max-width: 480px) 150px\" src=\"https:\/\/clubvoleibolcambrils.com\/wp-content\/uploads\/2024\/07\/424649400_346780998346028_3679300924916897550_n.jpg\" alt=\"\" class=\"uag-image-10\" width=\"373\" height=\"480\" title=\"\" loading=\"lazy\" role=\"img\"\/><\/figure><\/div>\n\n\n\n<div class=\"wp-block-uagb-advanced-heading uagb-block-ddf76d8a\"><h3 class=\"uagb-heading-text\">Competicions<\/h3><p class=\"uagb-desc-text\">Participa en tornejos locals i regionals per posar a prova les teves habilitats i passi\u00f3 pel voleibol.<\/p><\/div>\n<\/div>\n\n\n\n<div class=\"wp-block-uagb-container uagb-block-4be5b602\">\n<div class=\"wp-block-uagb-image alignleft uagb-block-b48fe4eb wp-block-uagb-image--layout-default wp-block-uagb-image--effect-static wp-block-uagb-image--align-left\"><figure class=\"wp-block-uagb-image__figure\"><img loading=\"lazy\" decoding=\"async\" srcset=\"https:\/\/clubvoleibolcambrils.com\/wp-content\/uploads\/2024\/07\/421904557_338667039157424_4968292379458432646_n.jpg ,https:\/\/clubvoleibolcambrils.com\/wp-content\/uploads\/2024\/07\/421904557_338667039157424_4968292379458432646_n.jpg 780w, https:\/\/clubvoleibolcambrils.com\/wp-content\/uploads\/2024\/07\/421904557_338667039157424_4968292379458432646_n.jpg 360w\" sizes=\"auto, (max-width: 480px) 150px\" src=\"https:\/\/clubvoleibolcambrils.com\/wp-content\/uploads\/2024\/07\/421904557_338667039157424_4968292379458432646_n.jpg\" alt=\"\" class=\"uag-image-11\" width=\"373\" height=\"480\" title=\"\" loading=\"lazy\" role=\"img\"\/><\/figure><\/div>\n\n\n\n<div class=\"wp-block-uagb-advanced-heading uagb-block-2d89467b\"><h3 class=\"uagb-heading-text\">Formaci\u00f3<\/h3><p class=\"uagb-desc-text\">Cursos adaptats a totes les edats i nivells, des de principiants fins a jugadors avan\u00e7ats.<\/p><\/div>\n<\/div>\n<\/div>\n<\/div><\/div>\n\n\n\n<div class=\"wp-block-uagb-container uagb-block-0cf1e869 alignfull uagb-is-root-container\"><div class=\"uagb-container-inner-blocks-wrap\">\n<div class=\"wp-block-uagb-container uagb-block-8e894bf5\">\n<div class=\"wp-block-uagb-image alignleft uagb-block-88e52dea wp-block-uagb-image--layout-default wp-block-uagb-image--effect-static wp-block-uagb-image--align-left\"><figure class=\"wp-block-uagb-image__figure\"><img loading=\"lazy\" decoding=\"async\" srcset=\"https:\/\/clubvoleibolcambrils.com\/wp-content\/uploads\/2024\/07\/421872043_329460520078076_4950462966615342256_n.jpg ,https:\/\/clubvoleibolcambrils.com\/wp-content\/uploads\/2024\/07\/421872043_329460520078076_4950462966615342256_n.jpg 780w, https:\/\/clubvoleibolcambrils.com\/wp-content\/uploads\/2024\/07\/421872043_329460520078076_4950462966615342256_n.jpg 360w\" sizes=\"auto, (max-width: 480px) 150px\" src=\"https:\/\/clubvoleibolcambrils.com\/wp-content\/uploads\/2024\/07\/421872043_329460520078076_4950462966615342256_n.jpg\" alt=\"\" class=\"uag-image-12\" width=\"550\" height=\"536\" title=\"\" loading=\"lazy\" role=\"img\"\/><\/figure><\/div>\n<\/div>\n\n\n\n<div class=\"wp-block-uagb-container uagb-block-db5a712e\">\n<div class=\"wp-block-uagb-info-box uagb-block-69f2621f uagb-infobox__content-wrap  uagb-infobox-icon-above-title uagb-infobox-image-valign-top\"><div class=\"uagb-ifb-content\"><div class=\"uagb-ifb-title-wrap\"><h2 class=\"uagb-ifb-title\">La nostra hist\u00f2ria<\/h2><\/div><p class=\"uagb-ifb-desc\">Club Voleibol Cambrils t\u00e9 una llarga experi\u00e8ncia a la ind\u00fastria del voleibol, compromesa amb el desenvolupament i promoci\u00f3 del voleibol en totes les seves modalitats.<\/p><div class=\"uagb-ifb-button-wrapper wp-block-button\"><a href=\"about\/\" class=\"uagb-infobox-cta-link wp-block-button__link\" target=\"_self\" rel=\"noopener noreferrer\" onclick=\"return true;\"><span class=\"uagb-inline-editing\">M\u00e9s informaci\u00f3<\/span><\/a><\/div><\/div><\/div>\n<\/div>\n<\/div><\/div>\n\n\n\n<div class=\"wp-block-uagb-container uagb-block-b9774670 alignfull uagb-is-root-container\"><div class=\"uagb-container-inner-blocks-wrap\">\n<div class=\"wp-block-uagb-testimonial uagb-slick-carousel uagb-tm__arrow-outside uagb-block-9c5eb390 uagb-post__carousel_notset uagb-post__carousel_notset-tablet uagb-post__carousel_notset-mobile\"><div class=\"is-carousel uagb-tm__columns-1 uagb-tm__items\"><div class=\"uagb-testimonial__wrap  uagb-tm__imgicon-style-circle uagb-tm__image-position-top uagb-tm__bg-type-none \"><div class=\"uagb-tm__content\"><div class=\"uagb-tm__overlay\"><\/div><div class=\"uagb-tm__image-content\"><div class=\"uagb-tm__image\"><img loading=\"lazy\" decoding=\"async\" class=\"uagb-tm-img-src\" src=\"https:\/\/clubvoleibolcambrils.com\/wp-content\/uploads\/2023\/08\/testimonial-skip-01.jpeg\" alt=\"\" width=\"64\" height=\"64\" loading=\"lazy\"\/><\/div><\/div><div class=\"uagb-tm__text-wrap\"><div class=\"uagb-tm__desc\">El millor entorn per cr\u00e9ixer com a jugador i com a persona. Gr\u00e0cies, Club Voleibol Cambrils!<\/div><div class=\"uagb-tm__meta-inner\"><div class=\"uagb-testimonial-details\"><span class=\"uagb-tm__author-name\">Pere Mart\u00ed<\/span><span class=\"uagb-tm__company\"><\/span><\/div><\/div><\/div><\/div><\/div><\/div><\/div>\n<\/div><\/div>\n\n\n\n<div class=\"wp-block-uagb-container uagb-block-ec01bfa7 alignfull uagb-is-root-container\"><div class=\"uagb-container-inner-blocks-wrap\">\n<div class=\"wp-block-uagb-info-box uagb-block-13d69fb3 uagb-infobox__content-wrap  uagb-infobox-icon-above-title uagb-infobox-image-valign-top\"><div class=\"uagb-ifb-content\"><div class=\"uagb-ifb-title-wrap\"><h2 class=\"uagb-ifb-title\">Proposici\u00f3 \u00danica de Valor<\/h2><\/div><p class=\"uagb-ifb-desc\">Descobreix per qu\u00e8 som la millor opci\u00f3 per al teu creixement i desenvolupament en voleibol.<\/p><\/div><\/div>\n\n\n\n<div class=\"wp-block-uagb-container uagb-block-5bf3f238\">\n<div class=\"wp-block-uagb-container uagb-block-8b947d96\">\n<div class=\"wp-block-uagb-image uagb-block-f831083c wp-block-uagb-image--layout-default wp-block-uagb-image--effect-static wp-block-uagb-image--align-none\"><figure class=\"wp-block-uagb-image__figure\"><img loading=\"lazy\" decoding=\"async\" srcset=\"https:\/\/clubvoleibolcambrils.com\/wp-content\/uploads\/2024\/07\/358538506_209931052031024_29888784846432245_n.jpg ,https:\/\/clubvoleibolcambrils.com\/wp-content\/uploads\/2024\/07\/358538506_209931052031024_29888784846432245_n.jpg 780w, https:\/\/clubvoleibolcambrils.com\/wp-content\/uploads\/2024\/07\/358538506_209931052031024_29888784846432245_n.jpg 360w\" sizes=\"auto, (max-width: 480px) 150px\" src=\"https:\/\/clubvoleibolcambrils.com\/wp-content\/uploads\/2024\/07\/358538506_209931052031024_29888784846432245_n.jpg\" alt=\"\" class=\"uag-image-15\" width=\"550\" height=\"500\" title=\"\" loading=\"lazy\" role=\"img\"\/><\/figure><\/div>\n<\/div>\n\n\n\n<div class=\"wp-block-uagb-container uagb-block-c465247c\">\n<div class=\"wp-block-uagb-info-box uagb-block-73b22374 uagb-infobox__content-wrap  uagb-infobox-icon-above-title uagb-infobox-image-valign-top\"><div class=\"uagb-ifb-content\"><div class=\"uagb-ifb-title-wrap\"><h3 class=\"uagb-ifb-title\">Entorn motivador<\/h3><\/div><p class=\"uagb-ifb-desc\">Amb el suport dels millors entrenadors, oferim un ambient ideal per al teu desenvolupament esportiu i personal.<\/p><div class=\"uagb-ifb-button-wrapper wp-block-button\"><a href=\"offerings\/\" class=\"uagb-infobox-cta-link wp-block-button__link\" target=\"_self\" rel=\"noopener noreferrer\" onclick=\"return true;\"><span class=\"uagb-inline-editing\">M\u00e9s informaci\u00f3<\/span><\/a><\/div><\/div><\/div>\n<\/div>\n<\/div>\n\n\n\n<div class=\"wp-block-uagb-container uagb-block-4dac132f\">\n<div class=\"wp-block-uagb-container uagb-block-44450004\">\n<div class=\"wp-block-uagb-image uagb-block-1fbbd46b wp-block-uagb-image--layout-default wp-block-uagb-image--effect-static wp-block-uagb-image--align-none\"><figure class=\"wp-block-uagb-image__figure\"><img loading=\"lazy\" decoding=\"async\" srcset=\"https:\/\/clubvoleibolcambrils.com\/wp-content\/uploads\/2024\/07\/407465593_299150926442369_348956937933304387_n.jpg ,https:\/\/clubvoleibolcambrils.com\/wp-content\/uploads\/2024\/07\/407465593_299150926442369_348956937933304387_n.jpg 780w, https:\/\/clubvoleibolcambrils.com\/wp-content\/uploads\/2024\/07\/407465593_299150926442369_348956937933304387_n.jpg 360w\" sizes=\"auto, (max-width: 480px) 150px\" src=\"https:\/\/clubvoleibolcambrils.com\/wp-content\/uploads\/2024\/07\/407465593_299150926442369_348956937933304387_n.jpg\" alt=\"\" class=\"uag-image-16\" width=\"550\" height=\"500\" title=\"\" loading=\"lazy\" role=\"img\"\/><\/figure><\/div>\n<\/div>\n\n\n\n<div class=\"wp-block-uagb-container uagb-block-8b26c666\">\n<div class=\"wp-block-uagb-info-box uagb-block-af69361d uagb-infobox__content-wrap  uagb-infobox-icon-above-title uagb-infobox-image-valign-top\"><div class=\"uagb-ifb-content\"><div class=\"uagb-ifb-title-wrap\"><h3 class=\"uagb-ifb-title\">Varitat d&#8217;activitats<\/h3><\/div><p class=\"uagb-ifb-desc\">Des de voleibol de platja fins a competicions intenses, tens m\u00faltiples opcions per gaudir plenament del voleibol.<\/p><div class=\"uagb-ifb-button-wrapper wp-block-button\"><a href=\"offerings\/\" class=\"uagb-infobox-cta-link wp-block-button__link\" target=\"_self\" rel=\"noopener noreferrer\" onclick=\"return true;\"><span class=\"uagb-inline-editing\">M\u00e9s informaci\u00f3<\/span><\/a><\/div><\/div><\/div>\n<\/div>\n<\/div>\n<\/div><\/div>\n\n\n\n<div class=\"wp-block-uagb-container uagb-block-c84325e4 alignfull uagb-is-root-container\"><div class=\"uagb-container-inner-blocks-wrap\">\n<div class=\"wp-block-uagb-info-box uagb-block-d8a09d88 uagb-infobox__content-wrap  uagb-infobox-icon-above-title uagb-infobox-image-valign-top\"><div class=\"uagb-ifb-content\"><div class=\"uagb-ifb-title-wrap\"><h2 class=\"uagb-ifb-title\">Uneix-te a nosaltres<\/h2><\/div><p class=\"uagb-ifb-desc\">Descobreix com formar part d&#8217;una comunitat apassionada pel voleibol. Contacta&#8217;ns avui mateix.<\/p><div class=\"uagb-ifb-button-wrapper wp-block-button\"><a href=\"https:\/\/docs.google.com\/forms\/d\/e\/1FAIpQLSfMMK7n-NYP-ZM7Gn2srjIyKxtVS7dWPIXnasYScFCa4mDCuw\/viewform\" class=\"uagb-infobox-cta-link wp-block-button__link\" target=\"_blank\" rel=\"noopener noreferrer\" onclick=\"return true;\"><span class=\"uagb-inline-editing\">Unir-se ara<\/span><\/a><\/div><\/div><\/div>\n<\/div><\/div>\n\n\n\n<p><\/p>\n","protected":false},"excerpt":{"rendered":"<p>Entrenaments Sessions d&#8217;entrenament dirigides per professionals experimentats en un entorn motivador i segur. Competicions Participa en tornejos locals i regionals per posar a prova les teves habilitats i passi\u00f3 pel voleibol. Formaci\u00f3 Cursos adaptats a totes les edats i nivells, des de principiants fins a jugadors avan\u00e7ats.<\/p>\n","protected":false},"author":1,"featured_media":0,"parent":0,"menu_order":0,"comment_status":"closed","ping_status":"closed","template":"","meta":{"_uag_custom_page_level_css":"","site-sidebar-layout":"default","site-content-layout":"","ast-site-content-layout":"full-width-container","site-content-style":"default","site-sidebar-style":"default","ast-global-header-display":"","ast-banner-title-visibility":"","ast-main-header-display":"","ast-hfb-above-header-display":"","ast-hfb-below-header-display":"","ast-hfb-mobile-header-display":"","site-post-title":"disabled","ast-breadcrumbs-content":"","ast-featured-img":"","footer-sml-layout":"","ast-disable-related-posts":"","theme-transparent-header-meta":"enabled","adv-header-id-meta":"","stick-header-meta":"","header-above-stick-meta":"","header-main-stick-meta":"","header-below-stick-meta":"","astra-migrate-meta-layouts":"set","ast-page-background-enabled":"default","ast-page-background-meta":{"desktop":{"background-color":"var(--ast-global-color-4)","background-image":"","background-repeat":"repeat","background-position":"center center","background-size":"auto","background-attachment":"scroll","background-type":"","background-media":"","overlay-type":"","overlay-color":"","overlay-opacity":"","overlay-gradient":""},"tablet":{"background-color":"","background-image":"","background-repeat":"repeat","background-position":"center center","background-size":"auto","background-attachment":"scroll","background-type":"","background-media":"","overlay-type":"","overlay-color":"","overlay-opacity":"","overlay-gradient":""},"mobile":{"background-color":"","background-image":"","background-repeat":"repeat","background-position":"center center","background-size":"auto","background-attachment":"scroll","background-type":"","background-media":"","overlay-type":"","overlay-color":"","overlay-opacity":"","overlay-gradient":""}},"ast-content-background-meta":{"desktop":{"background-color":"var(--ast-global-color-5)","background-image":"","background-repeat":"repeat","background-position":"center center","background-size":"auto","background-attachment":"scroll","background-type":"","background-media":"","overlay-type":"","overlay-color":"","overlay-opacity":"","overlay-gradient":""},"tablet":{"background-color":"var(--ast-global-color-5)","background-image":"","background-repeat":"repeat","background-position":"center center","background-size":"auto","background-attachment":"scroll","background-type":"","background-media":"","overlay-type":"","overlay-color":"","overlay-opacity":"","overlay-gradient":""},"mobile":{"background-color":"var(--ast-global-color-5)","background-image":"","background-repeat":"repeat","background-position":"center center","background-size":"auto","background-attachment":"scroll","background-type":"","background-media":"","overlay-type":"","overlay-color":"","overlay-opacity":"","overlay-gradient":""}},"_joinchat":[],"footnotes":""},"class_list":["post-1259","page","type-page","status-publish","hentry"],"uagb_featured_image_src":{"full":false,"thumbnail":false,"medium":false,"medium_large":false,"large":false,"1536x1536":false,"2048x2048":false},"uagb_author_info":{"display_name":"admin","author_link":"https:\/\/clubvoleibolcambrils.com\/?author=1"},"uagb_comment_info":0,"uagb_excerpt":"Entrenaments Sessions d&#8217;entrenament dirigides per professionals experimentats en un entorn motivador i segur. Competicions Participa en tornejos locals i regionals per posar a prova les teves habilitats i passi\u00f3 pel voleibol. Formaci\u00f3 Cursos adaptats a totes les edats i nivells, des de principiants fins a jugadors avan\u00e7ats.","_links":{"self":[{"href":"https:\/\/clubvoleibolcambrils.com\/index.php?rest_route=\/wp\/v2\/pages\/1259","targetHints":{"allow":["GET"]}}],"collection":[{"href":"https:\/\/clubvoleibolcambrils.com\/index.php?rest_route=\/wp\/v2\/pages"}],"about":[{"href":"https:\/\/clubvoleibolcambrils.com\/index.php?rest_route=\/wp\/v2\/types\/page"}],"author":[{"embeddable":true,"href":"https:\/\/clubvoleibolcambrils.com\/index.php?rest_route=\/wp\/v2\/users\/1"}],"replies":[{"embeddable":true,"href":"https:\/\/clubvoleibolcambrils.com\/index.php?rest_route=%2Fwp%2Fv2%2Fcomments&post=1259"}],"version-history":[{"count":4,"href":"https:\/\/clubvoleibolcambrils.com\/index.php?rest_route=\/wp\/v2\/pages\/1259\/revisions"}],"predecessor-version":[{"id":1319,"href":"https:\/\/clubvoleibolcambrils.com\/index.php?rest_route=\/wp\/v2\/pages\/1259\/revisions\/1319"}],"wp:attachment":[{"href":"https:\/\/clubvoleibolcambrils.com\/index.php?rest_route=%2Fwp%2Fv2%2Fmedia&parent=1259"}],"curies":[{"name":"wp","href":"https:\/\/api.w.org\/{rel}","templated":true}]}}